{"id":429,"date":"2024-10-30T17:51:47","date_gmt":"2024-10-30T16:51:47","guid":{"rendered":"https:\/\/indupartscorp.com\/?page_id=429"},"modified":"2026-04-17T15:24:53","modified_gmt":"2026-04-17T13:24:53","slug":"valores-agregados","status":"publish","type":"page","link":"https:\/\/indupartscorp.com\/es\/valores-agregados\/","title":{"rendered":"Valores agregados"},"content":{"rendered":"\t\t<div data-elementor-type=\"wp-page\" data-elementor-id=\"429\" class=\"elementor elementor-429\" data-elementor-post-type=\"page\">\n\t\t\t\t<div class=\"elementor-element elementor-element-e233df2 e-flex e-con-boxed e-con e-parent\" data-id=\"e233df2\" data-element_type=\"container\" data-e-type=\"container\" data-settings=\"{&quot;background_background&quot;:&quot;classic&quot;}\">\n\t\t\t\t\t<div class=\"e-con-inner\">\n\t\t\t\t<div class=\"elementor-element elementor-element-fa2ad15 elementor-widget elementor-widget-heading\" data-id=\"fa2ad15\" data-element_type=\"widget\" data-e-type=\"widget\" data-widget_type=\"heading.default\">\n\t\t\t\t<div class=\"elementor-widget-container\">\n\t\t\t\t\t<h2 class=\"elementor-heading-title elementor-size-default\">Valores agregados<\/h2>\t\t\t\t<\/div>\n\t\t\t\t<\/div>\n\t\t\t\t<div class=\"elementor-element elementor-element-4865bd5 elementor-widget-divider--view-line elementor-widget elementor-widget-divider\" data-id=\"4865bd5\" data-element_type=\"widget\" data-e-type=\"widget\" data-widget_type=\"divider.default\">\n\t\t\t\t<div class=\"elementor-widget-container\">\n\t\t\t\t\t\t\t<div class=\"elementor-divider\">\n\t\t\t<span class=\"elementor-divider-separator\">\n\t\t\t\t\t\t<\/span>\n\t\t<\/div>\n\t\t\t\t\t\t<\/div>\n\t\t\t\t<\/div>\n\t\t\t\t\t<\/div>\n\t\t\t\t<\/div>\n\t\t<div class=\"elementor-element elementor-element-d31e4a0 e-flex e-con-boxed elementor-invisible e-con e-parent\" data-id=\"d31e4a0\" data-element_type=\"container\" data-e-type=\"container\" data-settings=\"{&quot;animation&quot;:&quot;fadeInLeft&quot;}\">\n\t\t\t\t\t<div class=\"e-con-inner\">\n\t\t<div class=\"elementor-element elementor-element-226cde9 e-con-full e-flex e-con e-child\" data-id=\"226cde9\" data-element_type=\"container\" data-e-type=\"container\">\n\t\t<div class=\"elementor-element elementor-element-dd9422f e-con-full e-flex e-con e-child\" data-id=\"dd9422f\" data-element_type=\"container\" data-e-type=\"container\">\n\t\t\t\t<div class=\"elementor-element elementor-element-b225be6 elementor-widget elementor-widget-image\" data-id=\"b225be6\" data-element_type=\"widget\" data-e-type=\"widget\" data-widget_type=\"image.default\">\n\t\t\t\t<div class=\"elementor-widget-container\">\n\t\t\t\t\t\t\t\t\t\t\t\t\t\t\t<img fetchpriority=\"high\" decoding=\"async\" width=\"1000\" height=\"668\" src=\"https:\/\/indupartscorp.com\/wp-content\/uploads\/2026\/02\/valor-infinidadMarca-orig.jpg\" class=\"elementor-animation-grow attachment-full size-full wp-image-7064\" alt=\"\" srcset=\"https:\/\/indupartscorp.com\/wp-content\/uploads\/2026\/02\/valor-infinidadMarca-orig.jpg 1000w, https:\/\/indupartscorp.com\/wp-content\/uploads\/2026\/02\/valor-infinidadMarca-orig-300x200.jpg 300w, https:\/\/indupartscorp.com\/wp-content\/uploads\/2026\/02\/valor-infinidadMarca-orig-768x513.jpg 768w\" sizes=\"(max-width: 1000px) 100vw, 1000px\" \/>\t\t\t\t\t\t\t\t\t\t\t\t\t\t\t<\/div>\n\t\t\t\t<\/div>\n\t\t\t\t<\/div>\n\t\t\t\t<div class=\"elementor-element elementor-element-aad2257 elementor-widget elementor-widget-heading\" data-id=\"aad2257\" data-element_type=\"widget\" data-e-type=\"widget\" data-widget_type=\"heading.default\">\n\t\t\t\t<div class=\"elementor-widget-container\">\n\t\t\t\t\t<h2 class=\"elementor-heading-title elementor-size-default\">Alianzas Estrat\u00e9gicas<\/h2>\t\t\t\t<\/div>\n\t\t\t\t<\/div>\n\t\t\t\t<div class=\"elementor-element elementor-element-cb5ee33 elementor-widget elementor-widget-heading\" data-id=\"cb5ee33\" data-element_type=\"widget\" data-e-type=\"widget\" data-widget_type=\"heading.default\">\n\t\t\t\t<div class=\"elementor-widget-container\">\n\t\t\t\t\t<h2 class=\"elementor-heading-title elementor-size-default\">a Nivel Global\u00a0<\/h2>\t\t\t\t<\/div>\n\t\t\t\t<\/div>\n\t\t\t\t<div class=\"elementor-element elementor-element-2a201a5 elementor-widget elementor-widget-text-editor\" data-id=\"2a201a5\" data-element_type=\"widget\" data-e-type=\"widget\" data-widget_type=\"text-editor.default\">\n\t\t\t\t<div class=\"elementor-widget-container\">\n\t\t\t\t\t\t\t\t\tSomos l\u00edderes en comercio internacional, con una amplia red de fabricantes y proveedores globales, lo que nos permite ofrecer una gran variedad de productos y tecnolog\u00edas avanzadas.\t\t\t\t\t\t\t\t<\/div>\n\t\t\t\t<\/div>\n\t\t\t\t<\/div>\n\t\t<div class=\"elementor-element elementor-element-ea636fc e-con-full e-flex e-con e-child\" data-id=\"ea636fc\" data-element_type=\"container\" data-e-type=\"container\">\n\t\t<div class=\"elementor-element elementor-element-439ab5c e-con-full e-flex e-con e-child\" data-id=\"439ab5c\" data-element_type=\"container\" data-e-type=\"container\">\n\t\t\t\t<div class=\"elementor-element elementor-element-0cd2aaf elementor-widget elementor-widget-image\" data-id=\"0cd2aaf\" data-element_type=\"widget\" data-e-type=\"widget\" data-widget_type=\"image.default\">\n\t\t\t\t<div class=\"elementor-widget-container\">\n\t\t\t\t\t\t\t\t\t\t\t\t\t\t\t<img decoding=\"async\" width=\"1000\" height=\"668\" src=\"https:\/\/indupartscorp.com\/wp-content\/uploads\/2026\/02\/valor-requisito-orig.jpg\" class=\"elementor-animation-grow attachment-full size-full wp-image-7070\" alt=\"\" srcset=\"https:\/\/indupartscorp.com\/wp-content\/uploads\/2026\/02\/valor-requisito-orig.jpg 1000w, https:\/\/indupartscorp.com\/wp-content\/uploads\/2026\/02\/valor-requisito-orig-300x200.jpg 300w, https:\/\/indupartscorp.com\/wp-content\/uploads\/2026\/02\/valor-requisito-orig-768x513.jpg 768w\" sizes=\"(max-width: 1000px) 100vw, 1000px\" \/>\t\t\t\t\t\t\t\t\t\t\t\t\t\t\t<\/div>\n\t\t\t\t<\/div>\n\t\t\t\t<\/div>\n\t\t\t\t<div class=\"elementor-element elementor-element-67ceb04 elementor-widget elementor-widget-heading\" data-id=\"67ceb04\" data-element_type=\"widget\" data-e-type=\"widget\" data-widget_type=\"heading.default\">\n\t\t\t\t<div class=\"elementor-widget-container\">\n\t\t\t\t\t<h2 class=\"elementor-heading-title elementor-size-default\">Atendemos todos los requerimientos\nde sus diferentes marcas<\/h2>\t\t\t\t<\/div>\n\t\t\t\t<\/div>\n\t\t\t\t<div class=\"elementor-element elementor-element-762b79f elementor-widget elementor-widget-heading\" data-id=\"762b79f\" data-element_type=\"widget\" data-e-type=\"widget\" data-widget_type=\"heading.default\">\n\t\t\t\t<div class=\"elementor-widget-container\">\n\t\t\t\t\t<h2 class=\"elementor-heading-title elementor-size-default\">A nivel industrial en un solo lugar.<\/h2>\t\t\t\t<\/div>\n\t\t\t\t<\/div>\n\t\t\t\t<div class=\"elementor-element elementor-element-9a22b88 elementor-widget elementor-widget-text-editor\" data-id=\"9a22b88\" data-element_type=\"widget\" data-e-type=\"widget\" data-widget_type=\"text-editor.default\">\n\t\t\t\t<div class=\"elementor-widget-container\">\n\t\t\t\t\t\t\t\t\t<p>Nuestro equipo de trabajo lo atender\u00e1 con pasi\u00f3n y se tomar\u00e1 el tiempo de escucharlo, pues estamos convencidos que entre mas conozcamos a nuestros clientes, mejor podremos anticiparnos a sus requerimientos.<\/p>\t\t\t\t\t\t\t\t<\/div>\n\t\t\t\t<\/div>\n\t\t\t\t<\/div>\n\t\t\t\t\t<\/div>\n\t\t\t\t<\/div>\n\t\t<div class=\"elementor-element elementor-element-a844c9c e-flex e-con-boxed elementor-invisible e-con e-parent\" data-id=\"a844c9c\" data-element_type=\"container\" data-e-type=\"container\" data-settings=\"{&quot;animation&quot;:&quot;fadeInRight&quot;}\">\n\t\t\t\t\t<div class=\"e-con-inner\">\n\t\t<div class=\"elementor-element elementor-element-75560c7 e-con-full e-flex e-con e-child\" data-id=\"75560c7\" data-element_type=\"container\" data-e-type=\"container\">\n\t\t<div class=\"elementor-element elementor-element-54de7d1 e-con-full e-flex e-con e-child\" data-id=\"54de7d1\" data-element_type=\"container\" data-e-type=\"container\">\n\t\t\t\t<div class=\"elementor-element elementor-element-36314e2 elementor-widget elementor-widget-image\" data-id=\"36314e2\" data-element_type=\"widget\" data-e-type=\"widget\" data-widget_type=\"image.default\">\n\t\t\t\t<div class=\"elementor-widget-container\">\n\t\t\t\t\t\t\t\t\t\t\t\t\t\t\t<img decoding=\"async\" width=\"1000\" height=\"668\" src=\"https:\/\/indupartscorp.com\/wp-content\/uploads\/2026\/02\/valor-servicio-orig.jpg\" class=\"elementor-animation-grow attachment-full size-full wp-image-7072\" alt=\"\" srcset=\"https:\/\/indupartscorp.com\/wp-content\/uploads\/2026\/02\/valor-servicio-orig.jpg 1000w, https:\/\/indupartscorp.com\/wp-content\/uploads\/2026\/02\/valor-servicio-orig-300x200.jpg 300w, https:\/\/indupartscorp.com\/wp-content\/uploads\/2026\/02\/valor-servicio-orig-768x513.jpg 768w\" sizes=\"(max-width: 1000px) 100vw, 1000px\" \/>\t\t\t\t\t\t\t\t\t\t\t\t\t\t\t<\/div>\n\t\t\t\t<\/div>\n\t\t\t\t<\/div>\n\t\t\t\t<div class=\"elementor-element elementor-element-aac3839 elementor-widget elementor-widget-heading\" data-id=\"aac3839\" data-element_type=\"widget\" data-e-type=\"widget\" data-widget_type=\"heading.default\">\n\t\t\t\t<div class=\"elementor-widget-container\">\n\t\t\t\t\t<h2 class=\"elementor-heading-title elementor-size-default\">Consolidaci\u00f3n de Pedidos<\/h2>\t\t\t\t<\/div>\n\t\t\t\t<\/div>\n\t\t\t\t<div class=\"elementor-element elementor-element-ea97e6e elementor-widget elementor-widget-heading\" data-id=\"ea97e6e\" data-element_type=\"widget\" data-e-type=\"widget\" data-widget_type=\"heading.default\">\n\t\t\t\t<div class=\"elementor-widget-container\">\n\t\t\t\t\t<h2 class=\"elementor-heading-title elementor-size-default\">para optimizar su logistica.<\/h2>\t\t\t\t<\/div>\n\t\t\t\t<\/div>\n\t\t\t\t<div class=\"elementor-element elementor-element-7155c66 elementor-widget elementor-widget-text-editor\" data-id=\"7155c66\" data-element_type=\"widget\" data-e-type=\"widget\" data-widget_type=\"text-editor.default\">\n\t\t\t\t<div class=\"elementor-widget-container\">\n\t\t\t\t\t\t\t\t\t<p>Facilitamos el proceso de consolidaci\u00f3n de materiales, lo que permite reducir costos y tiempos de entrega.<\/p>\t\t\t\t\t\t\t\t<\/div>\n\t\t\t\t<\/div>\n\t\t\t\t<\/div>\n\t\t<div class=\"elementor-element elementor-element-36746f5 e-con-full e-flex e-con e-child\" data-id=\"36746f5\" data-element_type=\"container\" data-e-type=\"container\">\n\t\t<div class=\"elementor-element elementor-element-f50d6f6 e-con-full e-flex e-con e-child\" data-id=\"f50d6f6\" data-element_type=\"container\" data-e-type=\"container\">\n\t\t\t\t<div class=\"elementor-element elementor-element-c6c2c40 elementor-widget elementor-widget-image\" data-id=\"c6c2c40\" data-element_type=\"widget\" data-e-type=\"widget\" data-widget_type=\"image.default\">\n\t\t\t\t<div class=\"elementor-widget-container\">\n\t\t\t\t\t\t\t\t\t\t\t\t\t\t\t<img loading=\"lazy\" decoding=\"async\" width=\"1000\" height=\"668\" src=\"https:\/\/indupartscorp.com\/wp-content\/uploads\/2026\/02\/valor-ofresemos-orig.jpg\" class=\"elementor-animation-grow attachment-full size-full wp-image-7068\" alt=\"\" srcset=\"https:\/\/indupartscorp.com\/wp-content\/uploads\/2026\/02\/valor-ofresemos-orig.jpg 1000w, https:\/\/indupartscorp.com\/wp-content\/uploads\/2026\/02\/valor-ofresemos-orig-300x200.jpg 300w, https:\/\/indupartscorp.com\/wp-content\/uploads\/2026\/02\/valor-ofresemos-orig-768x513.jpg 768w\" sizes=\"(max-width: 1000px) 100vw, 1000px\" \/>\t\t\t\t\t\t\t\t\t\t\t\t\t\t\t<\/div>\n\t\t\t\t<\/div>\n\t\t\t\t<\/div>\n\t\t\t\t<div class=\"elementor-element elementor-element-3dd9041 elementor-widget elementor-widget-heading\" data-id=\"3dd9041\" data-element_type=\"widget\" data-e-type=\"widget\" data-widget_type=\"heading.default\">\n\t\t\t\t<div class=\"elementor-widget-container\">\n\t\t\t\t\t<h2 class=\"elementor-heading-title elementor-size-default\">Ofrecemos soluciones en la b\u00fasqueda,\ncotizaci\u00f3n y compra<\/h2>\t\t\t\t<\/div>\n\t\t\t\t<\/div>\n\t\t\t\t<div class=\"elementor-element elementor-element-46182b7 elementor-widget elementor-widget-heading\" data-id=\"46182b7\" data-element_type=\"widget\" data-e-type=\"widget\" data-widget_type=\"heading.default\">\n\t\t\t\t<div class=\"elementor-widget-container\">\n\t\t\t\t\t<h2 class=\"elementor-heading-title elementor-size-default\">De cualquier requerimiento industrial.<\/h2>\t\t\t\t<\/div>\n\t\t\t\t<\/div>\n\t\t\t\t<div class=\"elementor-element elementor-element-461c127 elementor-widget elementor-widget-text-editor\" data-id=\"461c127\" data-element_type=\"widget\" data-e-type=\"widget\" data-widget_type=\"text-editor.default\">\n\t\t\t\t<div class=\"elementor-widget-container\">\n\t\t\t\t\t\t\t\t\t<p>Adem\u00e1s brindamos un servicio gratuito de inspecci\u00f3n de mercanc\u00edas previas al despacho, con el objetivo de disminuir costos de reproceso y\/o devoluciones.<\/p>\t\t\t\t\t\t\t\t<\/div>\n\t\t\t\t<\/div>\n\t\t\t\t<\/div>\n\t\t\t\t\t<\/div>\n\t\t\t\t<\/div>\n\t\t<div class=\"elementor-element elementor-element-acb3ca5 e-flex e-con-boxed elementor-invisible e-con e-parent\" data-id=\"acb3ca5\" data-element_type=\"container\" data-e-type=\"container\" data-settings=\"{&quot;animation&quot;:&quot;fadeInLeft&quot;}\">\n\t\t\t\t\t<div class=\"e-con-inner\">\n\t\t<div class=\"elementor-element elementor-element-3eedab1 e-con-full e-flex e-con e-child\" data-id=\"3eedab1\" data-element_type=\"container\" data-e-type=\"container\">\n\t\t<div class=\"elementor-element elementor-element-2c642b7 e-con-full e-flex e-con e-child\" data-id=\"2c642b7\" data-element_type=\"container\" data-e-type=\"container\">\n\t\t\t\t<div class=\"elementor-element elementor-element-e03de3e elementor-widget elementor-widget-image\" data-id=\"e03de3e\" data-element_type=\"widget\" data-e-type=\"widget\" data-widget_type=\"image.default\">\n\t\t\t\t<div class=\"elementor-widget-container\">\n\t\t\t\t\t\t\t\t\t\t\t\t\t\t\t<img loading=\"lazy\" decoding=\"async\" width=\"1000\" height=\"668\" src=\"https:\/\/indupartscorp.com\/wp-content\/uploads\/2026\/02\/valor-logistica-orig.jpg\" class=\"elementor-animation-grow attachment-full size-full wp-image-7066\" alt=\"\" srcset=\"https:\/\/indupartscorp.com\/wp-content\/uploads\/2026\/02\/valor-logistica-orig.jpg 1000w, https:\/\/indupartscorp.com\/wp-content\/uploads\/2026\/02\/valor-logistica-orig-300x200.jpg 300w, https:\/\/indupartscorp.com\/wp-content\/uploads\/2026\/02\/valor-logistica-orig-768x513.jpg 768w\" sizes=\"(max-width: 1000px) 100vw, 1000px\" \/>\t\t\t\t\t\t\t\t\t\t\t\t\t\t\t<\/div>\n\t\t\t\t<\/div>\n\t\t\t\t<\/div>\n\t\t\t\t<div class=\"elementor-element elementor-element-e4e8585 elementor-widget elementor-widget-heading\" data-id=\"e4e8585\" data-element_type=\"widget\" data-e-type=\"widget\" data-widget_type=\"heading.default\">\n\t\t\t\t<div class=\"elementor-widget-container\">\n\t\t\t\t\t<h2 class=\"elementor-heading-title elementor-size-default\">Equipo Profesional<\/h2>\t\t\t\t<\/div>\n\t\t\t\t<\/div>\n\t\t\t\t<div class=\"elementor-element elementor-element-8221170 elementor-widget elementor-widget-heading\" data-id=\"8221170\" data-element_type=\"widget\" data-e-type=\"widget\" data-widget_type=\"heading.default\">\n\t\t\t\t<div class=\"elementor-widget-container\">\n\t\t\t\t\t<h2 class=\"elementor-heading-title elementor-size-default\">con amplia experiencia\u00a0<\/h2>\t\t\t\t<\/div>\n\t\t\t\t<\/div>\n\t\t\t\t<div class=\"elementor-element elementor-element-168740e elementor-widget elementor-widget-text-editor\" data-id=\"168740e\" data-element_type=\"widget\" data-e-type=\"widget\" data-widget_type=\"text-editor.default\">\n\t\t\t\t<div class=\"elementor-widget-container\">\n\t\t\t\t\t\t\t\t\tContamos con profesionales con experiencia en comercio\ninternacional e ingenier\u00eda, enfocados en la localizaci\u00f3n y\nadquisici\u00f3n de sus requerimientos.\t\t\t\t\t\t\t\t<\/div>\n\t\t\t\t<\/div>\n\t\t\t\t<\/div>\n\t\t<div class=\"elementor-element elementor-element-3515c94 e-con-full e-flex e-con e-child\" data-id=\"3515c94\" data-element_type=\"container\" data-e-type=\"container\">\n\t\t<div class=\"elementor-element elementor-element-7a4110b e-con-full e-flex e-con e-child\" data-id=\"7a4110b\" data-element_type=\"container\" data-e-type=\"container\">\n\t\t\t\t<div class=\"elementor-element elementor-element-4a7707f elementor-widget elementor-widget-image\" data-id=\"4a7707f\" data-element_type=\"widget\" data-e-type=\"widget\" data-widget_type=\"image.default\">\n\t\t\t\t<div class=\"elementor-widget-container\">\n\t\t\t\t\t\t\t\t\t\t\t\t\t\t\t<img loading=\"lazy\" decoding=\"async\" width=\"2560\" height=\"1714\" src=\"https:\/\/indupartscorp.com\/wp-content\/uploads\/2024\/10\/architecture-blue-bridge-421655-scaled.jpg\" class=\"elementor-animation-grow attachment-full size-full wp-image-449\" alt=\"\" srcset=\"https:\/\/indupartscorp.com\/wp-content\/uploads\/2024\/10\/architecture-blue-bridge-421655-scaled.jpg 2560w, https:\/\/indupartscorp.com\/wp-content\/uploads\/2024\/10\/architecture-blue-bridge-421655-300x201.jpg 300w, https:\/\/indupartscorp.com\/wp-content\/uploads\/2024\/10\/architecture-blue-bridge-421655-1024x685.jpg 1024w, https:\/\/indupartscorp.com\/wp-content\/uploads\/2024\/10\/architecture-blue-bridge-421655-768x514.jpg 768w, https:\/\/indupartscorp.com\/wp-content\/uploads\/2024\/10\/architecture-blue-bridge-421655-1536x1028.jpg 1536w, https:\/\/indupartscorp.com\/wp-content\/uploads\/2024\/10\/architecture-blue-bridge-421655-2048x1371.jpg 2048w\" sizes=\"(max-width: 2560px) 100vw, 2560px\" \/>\t\t\t\t\t\t\t\t\t\t\t\t\t\t\t<\/div>\n\t\t\t\t<\/div>\n\t\t\t\t<\/div>\n\t\t\t\t<div class=\"elementor-element elementor-element-c0e9b26 elementor-widget elementor-widget-heading\" data-id=\"c0e9b26\" data-element_type=\"widget\" data-e-type=\"widget\" data-widget_type=\"heading.default\">\n\t\t\t\t<div class=\"elementor-widget-container\">\n\t\t\t\t\t<h2 class=\"elementor-heading-title elementor-size-default\">Proximidad a Mercados Clave<\/h2>\t\t\t\t<\/div>\n\t\t\t\t<\/div>\n\t\t\t\t<div class=\"elementor-element elementor-element-0168251 elementor-widget elementor-widget-heading\" data-id=\"0168251\" data-element_type=\"widget\" data-e-type=\"widget\" data-widget_type=\"heading.default\">\n\t\t\t\t<div class=\"elementor-widget-container\">\n\t\t\t\t\t<h2 class=\"elementor-heading-title elementor-size-default\">con presencia estrat\u00e9gica en Miami.\u00a0<\/h2>\t\t\t\t<\/div>\n\t\t\t\t<\/div>\n\t\t\t\t<div class=\"elementor-element elementor-element-e75c9c4 elementor-widget elementor-widget-text-editor\" data-id=\"e75c9c4\" data-element_type=\"widget\" data-e-type=\"widget\" data-widget_type=\"text-editor.default\">\n\t\t\t\t<div class=\"elementor-widget-container\">\n\t\t\t\t\t\t\t\t\t<p>Nuestra bodega en Miami, un importante centro comercial y log\u00edstico para EE.UU. y Am\u00e9rica Latina, nos permite acceder r\u00e1pidamente a clientes en distintas regiones, optimizando los tiempos de entrega.<\/p>\t\t\t\t\t\t\t\t<\/div>\n\t\t\t\t<\/div>\n\t\t\t\t<\/div>\n\t\t\t\t\t<\/div>\n\t\t\t\t<\/div>\n\t\t\t\t<\/div>\n\t\t","protected":false},"excerpt":{"rendered":"<p>Alianzas Estrat\u00e9gicas a Nivel Global\u00a0 Somos l\u00edderes en comercio internacional, con una amplia red de fabricantes y proveedores globales, lo que nos permite ofrecer una gran variedad de productos y tecnolog\u00edas avanzadas. Atendemos todos los requerimientos de sus diferentes marcas A nivel industrial en un solo lugar. Nuestro equipo de trabajo lo atender\u00e1 con pasi\u00f3n [&hellip;]<\/p>\n","protected":false},"author":1,"featured_media":0,"parent":0,"menu_order":0,"comment_status":"closed","ping_status":"closed","template":"","meta":{"site-sidebar-layout":"no-sidebar","site-content-layout":"","ast-site-content-layout":"full-width-container","site-content-style":"default","site-sidebar-style":"default","ast-global-header-display":"","ast-banner-title-visibility":"","ast-main-header-display":"","ast-hfb-above-header-display":"","ast-hfb-below-header-display":"","ast-hfb-mobile-header-display":"","site-post-title":"disabled","ast-breadcrumbs-content":"","ast-featured-img":"disabled","footer-sml-layout":"","ast-disable-related-posts":"","theme-transparent-header-meta":"default","adv-header-id-meta":"","stick-header-meta":"","header-above-stick-meta":"","header-main-stick-meta":"","header-below-stick-meta":"","astra-migrate-meta-layouts":"set","ast-page-background-enabled":"default","ast-page-background-meta":{"desktop":{"background-color":"var(--ast-global-color-4)","background-image":"","background-repeat":"repeat","background-position":"center center","background-size":"auto","background-attachment":"scroll","background-type":"","background-media":"","overlay-type":"","overlay-color":"","overlay-opacity":"","overlay-gradient":""},"tablet":{"background-color":"","background-image":"","background-repeat":"repeat","background-position":"center center","background-size":"auto","background-attachment":"scroll","background-type":"","background-media":"","overlay-type":"","overlay-color":"","overlay-opacity":"","overlay-gradient":""},"mobile":{"background-color":"","background-image":"","background-repeat":"repeat","background-position":"center center","background-size":"auto","background-attachment":"scroll","background-type":"","background-media":"","overlay-type":"","overlay-color":"","overlay-opacity":"","overlay-gradient":""}},"ast-content-background-meta":{"desktop":{"background-color":"var(--ast-global-color-5)","background-image":"","background-repeat":"repeat","background-position":"center center","background-size":"auto","background-attachment":"scroll","background-type":"","background-media":"","overlay-type":"","overlay-color":"","overlay-opacity":"","overlay-gradient":""},"tablet":{"background-color":"var(--ast-global-color-5)","background-image":"","background-repeat":"repeat","background-position":"center center","background-size":"auto","background-attachment":"scroll","background-type":"","background-media":"","overlay-type":"","overlay-color":"","overlay-opacity":"","overlay-gradient":""},"mobile":{"background-color":"var(--ast-global-color-5)","background-image":"","background-repeat":"repeat","background-position":"center center","background-size":"auto","background-attachment":"scroll","background-type":"","background-media":"","overlay-type":"","overlay-color":"","overlay-opacity":"","overlay-gradient":""}},"_joinchat":[],"footnotes":""},"class_list":["post-429","page","type-page","status-publish","hentry"],"_links":{"self":[{"href":"https:\/\/indupartscorp.com\/es\/wp-json\/wp\/v2\/pages\/429","targetHints":{"allow":["GET"]}}],"collection":[{"href":"https:\/\/indupartscorp.com\/es\/wp-json\/wp\/v2\/pages"}],"about":[{"href":"https:\/\/indupartscorp.com\/es\/wp-json\/wp\/v2\/types\/page"}],"author":[{"embeddable":true,"href":"https:\/\/indupartscorp.com\/es\/wp-json\/wp\/v2\/users\/1"}],"replies":[{"embeddable":true,"href":"https:\/\/indupartscorp.com\/es\/wp-json\/wp\/v2\/comments?post=429"}],"version-history":[{"count":142,"href":"https:\/\/indupartscorp.com\/es\/wp-json\/wp\/v2\/pages\/429\/revisions"}],"predecessor-version":[{"id":8528,"href":"https:\/\/indupartscorp.com\/es\/wp-json\/wp\/v2\/pages\/429\/revisions\/8528"}],"wp:attachment":[{"href":"https:\/\/indupartscorp.com\/es\/wp-json\/wp\/v2\/media?parent=429"}],"curies":[{"name":"wp","href":"https:\/\/api.w.org\/{rel}","templated":true}]}}