{"id":543,"date":"2024-10-30T20:41:37","date_gmt":"2024-10-30T19:41:37","guid":{"rendered":"https:\/\/indupartscorp.com\/?page_id=543"},"modified":"2026-02-24T18:59:40","modified_gmt":"2026-02-24T17:59:40","slug":"minera","status":"publish","type":"page","link":"https:\/\/indupartscorp.com\/es\/minera\/","title":{"rendered":"Minera"},"content":{"rendered":"\t\t<div data-elementor-type=\"wp-page\" data-elementor-id=\"543\" class=\"elementor elementor-543\" data-elementor-post-type=\"page\">\n\t\t\t\t<div class=\"elementor-element elementor-element-318d70f e-flex e-con-boxed e-con e-parent\" data-id=\"318d70f\" data-element_type=\"container\" data-e-type=\"container\" data-settings=\"{&quot;background_background&quot;:&quot;classic&quot;}\">\n\t\t\t\t\t<div class=\"e-con-inner\">\n\t\t\t\t<div class=\"elementor-element elementor-element-cb1ccd9 elementor-widget elementor-widget-heading\" data-id=\"cb1ccd9\" data-element_type=\"widget\" data-e-type=\"widget\" data-widget_type=\"heading.default\">\n\t\t\t\t<div class=\"elementor-widget-container\">\n\t\t\t\t\t<h2 class=\"elementor-heading-title elementor-size-default\">Minera<\/h2>\t\t\t\t<\/div>\n\t\t\t\t<\/div>\n\t\t\t\t<div class=\"elementor-element elementor-element-6c291b2 elementor-widget-divider--view-line elementor-widget elementor-widget-divider\" data-id=\"6c291b2\" data-element_type=\"widget\" data-e-type=\"widget\" data-widget_type=\"divider.default\">\n\t\t\t\t<div class=\"elementor-widget-container\">\n\t\t\t\t\t\t\t<div class=\"elementor-divider\">\n\t\t\t<span class=\"elementor-divider-separator\">\n\t\t\t\t\t\t<\/span>\n\t\t<\/div>\n\t\t\t\t\t\t<\/div>\n\t\t\t\t<\/div>\n\t\t\t\t\t<\/div>\n\t\t\t\t<\/div>\n\t\t<div class=\"elementor-element elementor-element-33ac1e6 e-flex e-con-boxed e-con e-parent\" data-id=\"33ac1e6\" data-element_type=\"container\" data-e-type=\"container\">\n\t\t\t\t\t<div class=\"e-con-inner\">\n\t\t<div class=\"elementor-element elementor-element-b04dc4e e-con-full e-flex e-con e-child\" data-id=\"b04dc4e\" data-element_type=\"container\" data-e-type=\"container\">\n\t\t\t\t<div class=\"elementor-element elementor-element-fd65cf5 elementor-widget elementor-widget-image\" data-id=\"fd65cf5\" data-element_type=\"widget\" data-e-type=\"widget\" data-widget_type=\"image.default\">\n\t\t\t\t<div class=\"elementor-widget-container\">\n\t\t\t\t\t\t\t\t\t\t\t\t\t\t\t<img fetchpriority=\"high\" decoding=\"async\" width=\"1000\" height=\"668\" src=\"https:\/\/indupartscorp.com\/wp-content\/uploads\/2026\/02\/sector-minero-01-orig.jpg\" class=\"attachment-large size-large wp-image-7238\" alt=\"\" srcset=\"https:\/\/indupartscorp.com\/wp-content\/uploads\/2026\/02\/sector-minero-01-orig.jpg 1000w, https:\/\/indupartscorp.com\/wp-content\/uploads\/2026\/02\/sector-minero-01-orig-300x200.jpg 300w, https:\/\/indupartscorp.com\/wp-content\/uploads\/2026\/02\/sector-minero-01-orig-768x513.jpg 768w\" sizes=\"(max-width: 1000px) 100vw, 1000px\" \/>\t\t\t\t\t\t\t\t\t\t\t\t\t\t\t<\/div>\n\t\t\t\t<\/div>\n\t\t\t\t<\/div>\n\t\t<div class=\"elementor-element elementor-element-6469f2c e-con-full e-flex e-con e-child\" data-id=\"6469f2c\" data-element_type=\"container\" data-e-type=\"container\">\n\t\t\t\t<div class=\"elementor-element elementor-element-bbdd519 elementor-widget elementor-widget-heading\" data-id=\"bbdd519\" data-element_type=\"widget\" data-e-type=\"widget\" data-widget_type=\"heading.default\">\n\t\t\t\t<div class=\"elementor-widget-container\">\n\t\t\t\t\t<h2 class=\"elementor-heading-title elementor-size-default\">Nuestros Servicios:<\/h2>\t\t\t\t<\/div>\n\t\t\t\t<\/div>\n\t\t\t\t<div class=\"elementor-element elementor-element-6557623 elementor-widget elementor-widget-heading\" data-id=\"6557623\" data-element_type=\"widget\" data-e-type=\"widget\" data-widget_type=\"heading.default\">\n\t\t\t\t<div class=\"elementor-widget-container\">\n\t\t\t\t\t<h2 class=\"elementor-heading-title elementor-size-default\">Soluciones estrat\u00e9gicas para la industria minera<\/h2>\t\t\t\t<\/div>\n\t\t\t\t<\/div>\n\t\t\t\t<div class=\"elementor-element elementor-element-cca64bf elementor-widget-divider--view-line elementor-widget elementor-widget-divider\" data-id=\"cca64bf\" data-element_type=\"widget\" data-e-type=\"widget\" data-widget_type=\"divider.default\">\n\t\t\t\t<div class=\"elementor-widget-container\">\n\t\t\t\t\t\t\t<div class=\"elementor-divider\">\n\t\t\t<span class=\"elementor-divider-separator\">\n\t\t\t\t\t\t<\/span>\n\t\t<\/div>\n\t\t\t\t\t\t<\/div>\n\t\t\t\t<\/div>\n\t\t\t\t<div class=\"elementor-element elementor-element-67f9715 elementor-widget elementor-widget-text-editor\" data-id=\"67f9715\" data-element_type=\"widget\" data-e-type=\"widget\" data-widget_type=\"text-editor.default\">\n\t\t\t\t<div class=\"elementor-widget-container\">\n\t\t\t\t\t\t\t\t\tLa industria minera exige precisi\u00f3n, confiabilidad y eficiencia en cada etapa de operaci\u00f3n. Desde la fase de desarrollo hasta la producci\u00f3n y mantenimiento, el suministro oportuno de maquinaria y repuestos es clave para garantizar continuidad operativa.\nEn Induparts Supply gestionamos de manera integral sus compras internacionales, identificando fabricantes confiables y asegurando equipos y componentes que cumplen con las especificaciones t\u00e9cnicas y condiciones de su proyecto. Nuestro enfoque combina experiencia, red global y optimizaci\u00f3n de costos para fortalecer la rentabilidad y sostenibilidad de su operaci\u00f3n.\n\t\t\t\t\t\t\t\t<\/div>\n\t\t\t\t<\/div>\n\t\t\t\t<\/div>\n\t\t\t\t\t<\/div>\n\t\t\t\t<\/div>\n\t\t<div class=\"elementor-element elementor-element-eb01871 e-flex e-con-boxed e-con e-parent\" data-id=\"eb01871\" data-element_type=\"container\" data-e-type=\"container\">\n\t\t\t\t\t<div class=\"e-con-inner\">\n\t\t<div class=\"elementor-element elementor-element-23a3339 e-con-full e-flex e-con e-child\" data-id=\"23a3339\" data-element_type=\"container\" data-e-type=\"container\">\n\t\t\t\t<div class=\"elementor-element elementor-element-00aab78 elementor-widget elementor-widget-heading\" data-id=\"00aab78\" data-element_type=\"widget\" data-e-type=\"widget\" data-widget_type=\"heading.default\">\n\t\t\t\t<div class=\"elementor-widget-container\">\n\t\t\t\t\t<h2 class=\"elementor-heading-title elementor-size-default\">Productos ofrecidos<\/h2>\t\t\t\t<\/div>\n\t\t\t\t<\/div>\n\t\t\t\t<div class=\"elementor-element elementor-element-6092dd3 elementor-widget elementor-widget-heading\" data-id=\"6092dd3\" data-element_type=\"widget\" data-e-type=\"widget\" data-widget_type=\"heading.default\">\n\t\t\t\t<div class=\"elementor-widget-container\">\n\t\t\t\t\t<h2 class=\"elementor-heading-title elementor-size-default\">Para el sector minero:<\/h2>\t\t\t\t<\/div>\n\t\t\t\t<\/div>\n\t\t\t\t<div class=\"elementor-element elementor-element-1bc6736 elementor-widget-divider--view-line elementor-widget elementor-widget-divider\" data-id=\"1bc6736\" data-element_type=\"widget\" data-e-type=\"widget\" data-widget_type=\"divider.default\">\n\t\t\t\t<div class=\"elementor-widget-container\">\n\t\t\t\t\t\t\t<div class=\"elementor-divider\">\n\t\t\t<span class=\"elementor-divider-separator\">\n\t\t\t\t\t\t<\/span>\n\t\t<\/div>\n\t\t\t\t\t\t<\/div>\n\t\t\t\t<\/div>\n\t\t<div class=\"elementor-element elementor-element-be3a569 e-con-full e-flex e-con e-child\" data-id=\"be3a569\" data-element_type=\"container\" data-e-type=\"container\">\n\t\t\t\t<div class=\"elementor-element elementor-element-7ac370e elementor-icon-list--layout-traditional elementor-list-item-link-full_width elementor-widget elementor-widget-icon-list\" data-id=\"7ac370e\" data-element_type=\"widget\" data-e-type=\"widget\" data-widget_type=\"icon-list.default\">\n\t\t\t\t<div class=\"elementor-widget-container\">\n\t\t\t\t\t\t\t<ul class=\"elementor-icon-list-items\">\n\t\t\t\t\t\t\t<li class=\"elementor-icon-list-item\">\n\t\t\t\t\t\t\t\t\t\t\t<span class=\"elementor-icon-list-icon\">\n\t\t\t\t\t\t\t<svg aria-hidden=\"true\" class=\"e-font-icon-svg e-fas-cog\" viewBox=\"0 0 512 512\" xmlns=\"http:\/\/www.w3.org\/2000\/svg\"><path d=\"M487.4 315.7l-42.6-24.6c4.3-23.2 4.3-47 0-70.2l42.6-24.6c4.9-2.8 7.1-8.6 5.5-14-11.1-35.6-30-67.8-54.7-94.6-3.8-4.1-10-5.1-14.8-2.3L380.8 110c-17.9-15.4-38.5-27.3-60.8-35.1V25.8c0-5.6-3.9-10.5-9.4-11.7-36.7-8.2-74.3-7.8-109.2 0-5.5 1.2-9.4 6.1-9.4 11.7V75c-22.2 7.9-42.8 19.8-60.8 35.1L88.7 85.5c-4.9-2.8-11-1.9-14.8 2.3-24.7 26.7-43.6 58.9-54.7 94.6-1.7 5.4.6 11.2 5.5 14L67.3 221c-4.3 23.2-4.3 47 0 70.2l-42.6 24.6c-4.9 2.8-7.1 8.6-5.5 14 11.1 35.6 30 67.8 54.7 94.6 3.8 4.1 10 5.1 14.8 2.3l42.6-24.6c17.9 15.4 38.5 27.3 60.8 35.1v49.2c0 5.6 3.9 10.5 9.4 11.7 36.7 8.2 74.3 7.8 109.2 0 5.5-1.2 9.4-6.1 9.4-11.7v-49.2c22.2-7.9 42.8-19.8 60.8-35.1l42.6 24.6c4.9 2.8 11 1.9 14.8-2.3 24.7-26.7 43.6-58.9 54.7-94.6 1.5-5.5-.7-11.3-5.6-14.1zM256 336c-44.1 0-80-35.9-80-80s35.9-80 80-80 80 35.9 80 80-35.9 80-80 80z\"><\/path><\/svg>\t\t\t\t\t\t<\/span>\n\t\t\t\t\t\t\t\t\t\t<span class=\"elementor-icon-list-text\">Repuestos para equipos de perforaci\u00f3n.<\/span>\n\t\t\t\t\t\t\t\t\t<\/li>\n\t\t\t\t\t\t\t\t<li class=\"elementor-icon-list-item\">\n\t\t\t\t\t\t\t\t\t\t\t<span class=\"elementor-icon-list-icon\">\n\t\t\t\t\t\t\t<svg aria-hidden=\"true\" class=\"e-font-icon-svg e-fas-cog\" viewBox=\"0 0 512 512\" xmlns=\"http:\/\/www.w3.org\/2000\/svg\"><path d=\"M487.4 315.7l-42.6-24.6c4.3-23.2 4.3-47 0-70.2l42.6-24.6c4.9-2.8 7.1-8.6 5.5-14-11.1-35.6-30-67.8-54.7-94.6-3.8-4.1-10-5.1-14.8-2.3L380.8 110c-17.9-15.4-38.5-27.3-60.8-35.1V25.8c0-5.6-3.9-10.5-9.4-11.7-36.7-8.2-74.3-7.8-109.2 0-5.5 1.2-9.4 6.1-9.4 11.7V75c-22.2 7.9-42.8 19.8-60.8 35.1L88.7 85.5c-4.9-2.8-11-1.9-14.8 2.3-24.7 26.7-43.6 58.9-54.7 94.6-1.7 5.4.6 11.2 5.5 14L67.3 221c-4.3 23.2-4.3 47 0 70.2l-42.6 24.6c-4.9 2.8-7.1 8.6-5.5 14 11.1 35.6 30 67.8 54.7 94.6 3.8 4.1 10 5.1 14.8 2.3l42.6-24.6c17.9 15.4 38.5 27.3 60.8 35.1v49.2c0 5.6 3.9 10.5 9.4 11.7 36.7 8.2 74.3 7.8 109.2 0 5.5-1.2 9.4-6.1 9.4-11.7v-49.2c22.2-7.9 42.8-19.8 60.8-35.1l42.6 24.6c4.9 2.8 11 1.9 14.8-2.3 24.7-26.7 43.6-58.9 54.7-94.6 1.5-5.5-.7-11.3-5.6-14.1zM256 336c-44.1 0-80-35.9-80-80s35.9-80 80-80 80 35.9 80 80-35.9 80-80 80z\"><\/path><\/svg>\t\t\t\t\t\t<\/span>\n\t\t\t\t\t\t\t\t\t\t<span class=\"elementor-icon-list-text\">Palas el\u00e9ctricas e hidr\u00e1ulicas<\/span>\n\t\t\t\t\t\t\t\t\t<\/li>\n\t\t\t\t\t\t\t\t<li class=\"elementor-icon-list-item\">\n\t\t\t\t\t\t\t\t\t\t\t<span class=\"elementor-icon-list-icon\">\n\t\t\t\t\t\t\t<svg aria-hidden=\"true\" class=\"e-font-icon-svg e-fas-cog\" viewBox=\"0 0 512 512\" xmlns=\"http:\/\/www.w3.org\/2000\/svg\"><path d=\"M487.4 315.7l-42.6-24.6c4.3-23.2 4.3-47 0-70.2l42.6-24.6c4.9-2.8 7.1-8.6 5.5-14-11.1-35.6-30-67.8-54.7-94.6-3.8-4.1-10-5.1-14.8-2.3L380.8 110c-17.9-15.4-38.5-27.3-60.8-35.1V25.8c0-5.6-3.9-10.5-9.4-11.7-36.7-8.2-74.3-7.8-109.2 0-5.5 1.2-9.4 6.1-9.4 11.7V75c-22.2 7.9-42.8 19.8-60.8 35.1L88.7 85.5c-4.9-2.8-11-1.9-14.8 2.3-24.7 26.7-43.6 58.9-54.7 94.6-1.7 5.4.6 11.2 5.5 14L67.3 221c-4.3 23.2-4.3 47 0 70.2l-42.6 24.6c-4.9 2.8-7.1 8.6-5.5 14 11.1 35.6 30 67.8 54.7 94.6 3.8 4.1 10 5.1 14.8 2.3l42.6-24.6c17.9 15.4 38.5 27.3 60.8 35.1v49.2c0 5.6 3.9 10.5 9.4 11.7 36.7 8.2 74.3 7.8 109.2 0 5.5-1.2 9.4-6.1 9.4-11.7v-49.2c22.2-7.9 42.8-19.8 60.8-35.1l42.6 24.6c4.9 2.8 11 1.9 14.8-2.3 24.7-26.7 43.6-58.9 54.7-94.6 1.5-5.5-.7-11.3-5.6-14.1zM256 336c-44.1 0-80-35.9-80-80s35.9-80 80-80 80 35.9 80 80-35.9 80-80 80z\"><\/path><\/svg>\t\t\t\t\t\t<\/span>\n\t\t\t\t\t\t\t\t\t\t<span class=\"elementor-icon-list-text\"> Gr\u00faas, polipastos y sus repuestos.<\/span>\n\t\t\t\t\t\t\t\t\t<\/li>\n\t\t\t\t\t\t<\/ul>\n\t\t\t\t\t\t<\/div>\n\t\t\t\t<\/div>\n\t\t\t\t<div class=\"elementor-element elementor-element-b6c214a elementor-icon-list--layout-traditional elementor-list-item-link-full_width elementor-widget elementor-widget-icon-list\" data-id=\"b6c214a\" data-element_type=\"widget\" data-e-type=\"widget\" data-widget_type=\"icon-list.default\">\n\t\t\t\t<div class=\"elementor-widget-container\">\n\t\t\t\t\t\t\t<ul class=\"elementor-icon-list-items\">\n\t\t\t\t\t\t\t<li class=\"elementor-icon-list-item\">\n\t\t\t\t\t\t\t\t\t\t\t<span class=\"elementor-icon-list-icon\">\n\t\t\t\t\t\t\t<svg aria-hidden=\"true\" class=\"e-font-icon-svg e-fas-cog\" viewBox=\"0 0 512 512\" xmlns=\"http:\/\/www.w3.org\/2000\/svg\"><path d=\"M487.4 315.7l-42.6-24.6c4.3-23.2 4.3-47 0-70.2l42.6-24.6c4.9-2.8 7.1-8.6 5.5-14-11.1-35.6-30-67.8-54.7-94.6-3.8-4.1-10-5.1-14.8-2.3L380.8 110c-17.9-15.4-38.5-27.3-60.8-35.1V25.8c0-5.6-3.9-10.5-9.4-11.7-36.7-8.2-74.3-7.8-109.2 0-5.5 1.2-9.4 6.1-9.4 11.7V75c-22.2 7.9-42.8 19.8-60.8 35.1L88.7 85.5c-4.9-2.8-11-1.9-14.8 2.3-24.7 26.7-43.6 58.9-54.7 94.6-1.7 5.4.6 11.2 5.5 14L67.3 221c-4.3 23.2-4.3 47 0 70.2l-42.6 24.6c-4.9 2.8-7.1 8.6-5.5 14 11.1 35.6 30 67.8 54.7 94.6 3.8 4.1 10 5.1 14.8 2.3l42.6-24.6c17.9 15.4 38.5 27.3 60.8 35.1v49.2c0 5.6 3.9 10.5 9.4 11.7 36.7 8.2 74.3 7.8 109.2 0 5.5-1.2 9.4-6.1 9.4-11.7v-49.2c22.2-7.9 42.8-19.8 60.8-35.1l42.6 24.6c4.9 2.8 11 1.9 14.8-2.3 24.7-26.7 43.6-58.9 54.7-94.6 1.5-5.5-.7-11.3-5.6-14.1zM256 336c-44.1 0-80-35.9-80-80s35.9-80 80-80 80 35.9 80 80-35.9 80-80 80z\"><\/path><\/svg>\t\t\t\t\t\t<\/span>\n\t\t\t\t\t\t\t\t\t\t<span class=\"elementor-icon-list-text\">Bandas transportadoras.<\/span>\n\t\t\t\t\t\t\t\t\t<\/li>\n\t\t\t\t\t\t\t\t<li class=\"elementor-icon-list-item\">\n\t\t\t\t\t\t\t\t\t\t\t<span class=\"elementor-icon-list-icon\">\n\t\t\t\t\t\t\t<svg aria-hidden=\"true\" class=\"e-font-icon-svg e-fas-cog\" viewBox=\"0 0 512 512\" xmlns=\"http:\/\/www.w3.org\/2000\/svg\"><path d=\"M487.4 315.7l-42.6-24.6c4.3-23.2 4.3-47 0-70.2l42.6-24.6c4.9-2.8 7.1-8.6 5.5-14-11.1-35.6-30-67.8-54.7-94.6-3.8-4.1-10-5.1-14.8-2.3L380.8 110c-17.9-15.4-38.5-27.3-60.8-35.1V25.8c0-5.6-3.9-10.5-9.4-11.7-36.7-8.2-74.3-7.8-109.2 0-5.5 1.2-9.4 6.1-9.4 11.7V75c-22.2 7.9-42.8 19.8-60.8 35.1L88.7 85.5c-4.9-2.8-11-1.9-14.8 2.3-24.7 26.7-43.6 58.9-54.7 94.6-1.7 5.4.6 11.2 5.5 14L67.3 221c-4.3 23.2-4.3 47 0 70.2l-42.6 24.6c-4.9 2.8-7.1 8.6-5.5 14 11.1 35.6 30 67.8 54.7 94.6 3.8 4.1 10 5.1 14.8 2.3l42.6-24.6c17.9 15.4 38.5 27.3 60.8 35.1v49.2c0 5.6 3.9 10.5 9.4 11.7 36.7 8.2 74.3 7.8 109.2 0 5.5-1.2 9.4-6.1 9.4-11.7v-49.2c22.2-7.9 42.8-19.8 60.8-35.1l42.6 24.6c4.9 2.8 11 1.9 14.8-2.3 24.7-26.7 43.6-58.9 54.7-94.6 1.5-5.5-.7-11.3-5.6-14.1zM256 336c-44.1 0-80-35.9-80-80s35.9-80 80-80 80 35.9 80 80-35.9 80-80 80z\"><\/path><\/svg>\t\t\t\t\t\t<\/span>\n\t\t\t\t\t\t\t\t\t\t<span class=\"elementor-icon-list-text\">Bombas y v\u00e1lvulas hidr\u00e1ulicas.<\/span>\n\t\t\t\t\t\t\t\t\t<\/li>\n\t\t\t\t\t\t\t\t<li class=\"elementor-icon-list-item\">\n\t\t\t\t\t\t\t\t\t\t\t<span class=\"elementor-icon-list-icon\">\n\t\t\t\t\t\t\t<svg aria-hidden=\"true\" class=\"e-font-icon-svg e-fas-cog\" viewBox=\"0 0 512 512\" xmlns=\"http:\/\/www.w3.org\/2000\/svg\"><path d=\"M487.4 315.7l-42.6-24.6c4.3-23.2 4.3-47 0-70.2l42.6-24.6c4.9-2.8 7.1-8.6 5.5-14-11.1-35.6-30-67.8-54.7-94.6-3.8-4.1-10-5.1-14.8-2.3L380.8 110c-17.9-15.4-38.5-27.3-60.8-35.1V25.8c0-5.6-3.9-10.5-9.4-11.7-36.7-8.2-74.3-7.8-109.2 0-5.5 1.2-9.4 6.1-9.4 11.7V75c-22.2 7.9-42.8 19.8-60.8 35.1L88.7 85.5c-4.9-2.8-11-1.9-14.8 2.3-24.7 26.7-43.6 58.9-54.7 94.6-1.7 5.4.6 11.2 5.5 14L67.3 221c-4.3 23.2-4.3 47 0 70.2l-42.6 24.6c-4.9 2.8-7.1 8.6-5.5 14 11.1 35.6 30 67.8 54.7 94.6 3.8 4.1 10 5.1 14.8 2.3l42.6-24.6c17.9 15.4 38.5 27.3 60.8 35.1v49.2c0 5.6 3.9 10.5 9.4 11.7 36.7 8.2 74.3 7.8 109.2 0 5.5-1.2 9.4-6.1 9.4-11.7v-49.2c22.2-7.9 42.8-19.8 60.8-35.1l42.6 24.6c4.9 2.8 11 1.9 14.8-2.3 24.7-26.7 43.6-58.9 54.7-94.6 1.5-5.5-.7-11.3-5.6-14.1zM256 336c-44.1 0-80-35.9-80-80s35.9-80 80-80 80 35.9 80 80-35.9 80-80 80z\"><\/path><\/svg>\t\t\t\t\t\t<\/span>\n\t\t\t\t\t\t\t\t\t\t<span class=\"elementor-icon-list-text\">Herramientas manuales y equipos de seguridad industrial.<\/span>\n\t\t\t\t\t\t\t\t\t<\/li>\n\t\t\t\t\t\t<\/ul>\n\t\t\t\t\t\t<\/div>\n\t\t\t\t<\/div>\n\t\t\t\t<\/div>\n\t\t\t\t<\/div>\n\t\t<div class=\"elementor-element elementor-element-89fac18 e-con-full e-flex e-con e-child\" data-id=\"89fac18\" data-element_type=\"container\" data-e-type=\"container\">\n\t\t\t\t<div class=\"elementor-element elementor-element-6de56d4 elementor-widget elementor-widget-image\" data-id=\"6de56d4\" data-element_type=\"widget\" data-e-type=\"widget\" data-widget_type=\"image.default\">\n\t\t\t\t<div class=\"elementor-widget-container\">\n\t\t\t\t\t\t\t\t\t\t\t\t\t\t\t<img decoding=\"async\" width=\"1000\" height=\"668\" src=\"https:\/\/indupartscorp.com\/wp-content\/uploads\/2026\/02\/sector-minero-02-orig.jpg\" class=\"attachment-large size-large wp-image-7240\" alt=\"\" srcset=\"https:\/\/indupartscorp.com\/wp-content\/uploads\/2026\/02\/sector-minero-02-orig.jpg 1000w, https:\/\/indupartscorp.com\/wp-content\/uploads\/2026\/02\/sector-minero-02-orig-300x200.jpg 300w, https:\/\/indupartscorp.com\/wp-content\/uploads\/2026\/02\/sector-minero-02-orig-768x513.jpg 768w\" sizes=\"(max-width: 1000px) 100vw, 1000px\" \/>\t\t\t\t\t\t\t\t\t\t\t\t\t\t\t<\/div>\n\t\t\t\t<\/div>\n\t\t\t\t<\/div>\n\t\t\t\t\t<\/div>\n\t\t\t\t<\/div>\n\t\t\t\t<\/div>\n\t\t","protected":false},"excerpt":{"rendered":"<p>Nuestros Servicios: Soluciones estrat\u00e9gicas para la industria minera La industria minera exige precisi\u00f3n, confiabilidad y eficiencia en cada etapa de operaci\u00f3n. Desde la fase de desarrollo hasta la producci\u00f3n y mantenimiento, el suministro oportuno de maquinaria y repuestos es clave para garantizar continuidad operativa. En Induparts Supply gestionamos de manera integral sus compras internacionales, identificando [&hellip;]<\/p>\n","protected":false},"author":1,"featured_media":0,"parent":0,"menu_order":0,"comment_status":"closed","ping_status":"closed","template":"","meta":{"site-sidebar-layout":"no-sidebar","site-content-layout":"","ast-site-content-layout":"full-width-container","site-content-style":"default","site-sidebar-style":"default","ast-global-header-display":"","ast-banner-title-visibility":"","ast-main-header-display":"","ast-hfb-above-header-display":"","ast-hfb-below-header-display":"","ast-hfb-mobile-header-display":"","site-post-title":"disabled","ast-breadcrumbs-content":"","ast-featured-img":"disabled","footer-sml-layout":"","ast-disable-related-posts":"","theme-transparent-header-meta":"default","adv-header-id-meta":"","stick-header-meta":"","header-above-stick-meta":"","header-main-stick-meta":"","header-below-stick-meta":"","astra-migrate-meta-layouts":"set","ast-page-background-enabled":"default","ast-page-background-meta":{"desktop":{"background-color":"var(--ast-global-color-4)","background-image":"","background-repeat":"repeat","background-position":"center center","background-size":"auto","background-attachment":"scroll","background-type":"","background-media":"","overlay-type":"","overlay-color":"","overlay-opacity":"","overlay-gradient":""},"tablet":{"background-color":"","background-image":"","background-repeat":"repeat","background-position":"center center","background-size":"auto","background-attachment":"scroll","background-type":"","background-media":"","overlay-type":"","overlay-color":"","overlay-opacity":"","overlay-gradient":""},"mobile":{"background-color":"","background-image":"","background-repeat":"repeat","background-position":"center center","background-size":"auto","background-attachment":"scroll","background-type":"","background-media":"","overlay-type":"","overlay-color":"","overlay-opacity":"","overlay-gradient":""}},"ast-content-background-meta":{"desktop":{"background-color":"var(--ast-global-color-5)","background-image":"","background-repeat":"repeat","background-position":"center center","background-size":"auto","background-attachment":"scroll","background-type":"","background-media":"","overlay-type":"","overlay-color":"","overlay-opacity":"","overlay-gradient":""},"tablet":{"background-color":"var(--ast-global-color-5)","background-image":"","background-repeat":"repeat","background-position":"center center","background-size":"auto","background-attachment":"scroll","background-type":"","background-media":"","overlay-type":"","overlay-color":"","overlay-opacity":"","overlay-gradient":""},"mobile":{"background-color":"var(--ast-global-color-5)","background-image":"","background-repeat":"repeat","background-position":"center center","background-size":"auto","background-attachment":"scroll","background-type":"","background-media":"","overlay-type":"","overlay-color":"","overlay-opacity":"","overlay-gradient":""}},"_joinchat":[],"footnotes":""},"class_list":["post-543","page","type-page","status-publish","hentry"],"_links":{"self":[{"href":"https:\/\/indupartscorp.com\/es\/wp-json\/wp\/v2\/pages\/543","targetHints":{"allow":["GET"]}}],"collection":[{"href":"https:\/\/indupartscorp.com\/es\/wp-json\/wp\/v2\/pages"}],"about":[{"href":"https:\/\/indupartscorp.com\/es\/wp-json\/wp\/v2\/types\/page"}],"author":[{"embeddable":true,"href":"https:\/\/indupartscorp.com\/es\/wp-json\/wp\/v2\/users\/1"}],"replies":[{"embeddable":true,"href":"https:\/\/indupartscorp.com\/es\/wp-json\/wp\/v2\/comments?post=543"}],"version-history":[{"count":96,"href":"https:\/\/indupartscorp.com\/es\/wp-json\/wp\/v2\/pages\/543\/revisions"}],"predecessor-version":[{"id":7276,"href":"https:\/\/indupartscorp.com\/es\/wp-json\/wp\/v2\/pages\/543\/revisions\/7276"}],"wp:attachment":[{"href":"https:\/\/indupartscorp.com\/es\/wp-json\/wp\/v2\/media?parent=543"}],"curies":[{"name":"wp","href":"https:\/\/api.w.org\/{rel}","templated":true}]}}